{"id":172,"date":"2023-09-12T12:56:37","date_gmt":"2023-09-12T10:56:37","guid":{"rendered":"https:\/\/dev.rapid-lift.be\/?page_id=172\/"},"modified":"2023-09-12T12:57:14","modified_gmt":"2023-09-12T10:57:14","slug":"172-2","status":"publish","type":"page","link":"https:\/\/rapid-lift.be\/en\/172-2\/","title":{"rendered":""},"content":{"rendered":"\n<p>fran\u00e7ais<\/p>\n","protected":false},"excerpt":{"rendered":"<p>fran\u00e7ais<\/p>\n","protected":false},"author":1,"featured_media":0,"parent":0,"menu_order":0,"comment_status":"closed","ping_status":"closed","template":"","meta":{"footnotes":""},"class_list":["post-172","page","type-page","status-publish","hentry"],"yoast_head":"<!-- This site is optimized with the Yoast SEO plugin v21.9.1 - https:\/\/yoast.com\/wordpress\/plugins\/seo\/ -->\n<title>- RAPIDLIFT<\/title>\n<meta name=\"robots\" content=\"index, follow, max-snippet:-1, max-image-preview:large, max-video-preview:-1\" \/>\n<link rel=\"canonical\" href=\"https:\/\/rapidlift.be\/en\/172-2\/\" \/>\n<meta property=\"og:locale\" content=\"en_US\" \/>\n<meta property=\"og:type\" content=\"article\" \/>\n<meta property=\"og:title\" content=\"- RAPIDLIFT\" \/>\n<meta property=\"og:description\" content=\"fran\u00e7ais\" \/>\n<meta property=\"og:url\" content=\"https:\/\/rapidlift.be\/en\/172-2\/\" \/>\n<meta property=\"og:site_name\" content=\"RAPIDLIFT\" \/>\n<meta property=\"article:modified_time\" content=\"2023-09-12T10:57:14+00:00\" \/>\n<meta property=\"og:image\" content=\"https:\/\/rapid-lift.be\/wp-content\/uploads\/2023\/09\/rapidleft2.jpg\" \/>\n\t<meta property=\"og:image:width\" content=\"399\" \/>\n\t<meta property=\"og:image:height\" content=\"314\" \/>\n\t<meta property=\"og:image:type\" content=\"image\/jpeg\" \/>\n<meta name=\"twitter:card\" content=\"summary_large_image\" \/>\n<script type=\"application\/ld+json\" class=\"yoast-schema-graph\">{\"@context\":\"https:\/\/schema.org\",\"@graph\":[{\"@type\":\"WebPage\",\"@id\":\"https:\/\/rapidlift.be\/en\/172-2\/\",\"url\":\"https:\/\/rapidlift.be\/en\/172-2\/\",\"name\":\"- RAPIDLIFT\",\"isPartOf\":{\"@id\":\"https:\/\/rapidlift.be\/#website\"},\"datePublished\":\"2023-09-12T10:56:37+00:00\",\"dateModified\":\"2023-09-12T10:57:14+00:00\",\"inLanguage\":\"en-US\",\"potentialAction\":[{\"@type\":\"ReadAction\",\"target\":[\"https:\/\/rapidlift.be\/en\/172-2\/\"]}]},{\"@type\":\"WebSite\",\"@id\":\"https:\/\/rapidlift.be\/#website\",\"url\":\"https:\/\/rapidlift.be\/\",\"name\":\"Rapide m\u00e9nagements - Transport et d\u00e9m\u00e9nagement \u00e0 Bruxelle\",\"description\":\"RAPIDLIFT\",\"publisher\":{\"@id\":\"https:\/\/rapidlift.be\/#organization\"},\"alternateName\":\"Rapide m\u00e9nagements - Transport et d\u00e9m\u00e9nagement \u00e0 Bruxelle\",\"potentialAction\":[{\"@type\":\"SearchAction\",\"target\":{\"@type\":\"EntryPoint\",\"urlTemplate\":\"https:\/\/rapidlift.be\/?s={search_term_string}\"},\"query-input\":\"required name=search_term_string\"}],\"inLanguage\":\"en-US\"},{\"@type\":\"Organization\",\"@id\":\"https:\/\/rapidlift.be\/#organization\",\"name\":\"RAPIDLIFT\",\"url\":\"https:\/\/rapidlift.be\/\",\"logo\":{\"@type\":\"ImageObject\",\"inLanguage\":\"en-US\",\"@id\":\"https:\/\/rapidlift.be\/#\/schema\/logo\/image\/\",\"url\":\"https:\/\/rapid-lift.be\/wp-content\/uploads\/2023\/09\/rapidlift-logo-1.png\",\"contentUrl\":\"https:\/\/rapid-lift.be\/wp-content\/uploads\/2023\/09\/rapidlift-logo-1.png\",\"width\":166,\"height\":120,\"caption\":\"RAPIDLIFT\"},\"image\":{\"@id\":\"https:\/\/rapidlift.be\/#\/schema\/logo\/image\/\"}}]}<\/script>\n<!-- \/ Yoast SEO plugin. -->","yoast_head_json":{"title":"- RAPIDLIFT","robots":{"index":"index","follow":"follow","max-snippet":"max-snippet:-1","max-image-preview":"max-image-preview:large","max-video-preview":"max-video-preview:-1"},"canonical":"https:\/\/rapidlift.be\/en\/172-2\/","og_locale":"en_US","og_type":"article","og_title":"- RAPIDLIFT","og_description":"fran\u00e7ais","og_url":"https:\/\/rapidlift.be\/en\/172-2\/","og_site_name":"RAPIDLIFT","article_modified_time":"2023-09-12T10:57:14+00:00","og_image":[{"width":399,"height":314,"url":"https:\/\/rapid-lift.be\/wp-content\/uploads\/2023\/09\/rapidleft2.jpg","type":"image\/jpeg"}],"twitter_card":"summary_large_image","schema":{"@context":"https:\/\/schema.org","@graph":[{"@type":"WebPage","@id":"https:\/\/rapidlift.be\/en\/172-2\/","url":"https:\/\/rapidlift.be\/en\/172-2\/","name":"- RAPIDLIFT","isPartOf":{"@id":"https:\/\/rapidlift.be\/#website"},"datePublished":"2023-09-12T10:56:37+00:00","dateModified":"2023-09-12T10:57:14+00:00","inLanguage":"en-US","potentialAction":[{"@type":"ReadAction","target":["https:\/\/rapidlift.be\/en\/172-2\/"]}]},{"@type":"WebSite","@id":"https:\/\/rapidlift.be\/#website","url":"https:\/\/rapidlift.be\/","name":"Rapide m\u00e9nagements - Transport et d\u00e9m\u00e9nagement \u00e0 Bruxelle","description":"RAPIDLIFT","publisher":{"@id":"https:\/\/rapidlift.be\/#organization"},"alternateName":"Rapide m\u00e9nagements - Transport et d\u00e9m\u00e9nagement \u00e0 Bruxelle","potentialAction":[{"@type":"SearchAction","target":{"@type":"EntryPoint","urlTemplate":"https:\/\/rapidlift.be\/?s={search_term_string}"},"query-input":"required name=search_term_string"}],"inLanguage":"en-US"},{"@type":"Organization","@id":"https:\/\/rapidlift.be\/#organization","name":"RAPIDLIFT","url":"https:\/\/rapidlift.be\/","logo":{"@type":"ImageObject","inLanguage":"en-US","@id":"https:\/\/rapidlift.be\/#\/schema\/logo\/image\/","url":"https:\/\/rapid-lift.be\/wp-content\/uploads\/2023\/09\/rapidlift-logo-1.png","contentUrl":"https:\/\/rapid-lift.be\/wp-content\/uploads\/2023\/09\/rapidlift-logo-1.png","width":166,"height":120,"caption":"RAPIDLIFT"},"image":{"@id":"https:\/\/rapidlift.be\/#\/schema\/logo\/image\/"}}]}},"_links":{"self":[{"href":"https:\/\/rapid-lift.be\/en\/wp-json\/wp\/v2\/pages\/172","targetHints":{"allow":["GET"]}}],"collection":[{"href":"https:\/\/rapid-lift.be\/en\/wp-json\/wp\/v2\/pages"}],"about":[{"href":"https:\/\/rapid-lift.be\/en\/wp-json\/wp\/v2\/types\/page"}],"author":[{"embeddable":true,"href":"https:\/\/rapid-lift.be\/en\/wp-json\/wp\/v2\/users\/1"}],"replies":[{"embeddable":true,"href":"https:\/\/rapid-lift.be\/en\/wp-json\/wp\/v2\/comments?post=172"}],"version-history":[{"count":1,"href":"https:\/\/rapid-lift.be\/en\/wp-json\/wp\/v2\/pages\/172\/revisions"}],"predecessor-version":[{"id":173,"href":"https:\/\/rapid-lift.be\/en\/wp-json\/wp\/v2\/pages\/172\/revisions\/173"}],"wp:attachment":[{"href":"https:\/\/rapid-lift.be\/en\/wp-json\/wp\/v2\/media?parent=172"}],"curies":[{"name":"wp","href":"https:\/\/api.w.org\/{rel}","templated":true}]}}